{"id":421,"date":"2024-09-02T19:32:48","date_gmt":"2024-09-02T18:32:48","guid":{"rendered":"https:\/\/base.thebluegrow.com\/?page_id=421"},"modified":"2026-01-16T11:43:51","modified_gmt":"2026-01-16T11:43:51","slug":"politica-de-privacidade","status":"publish","type":"page","link":"https:\/\/martineznogueira.com\/gl\/politica-de-privacidade\/","title":{"rendered":"Pol\u00edtica de privacidade"},"content":{"rendered":"<h2 class=\"wp-block-heading\"><strong>POL\u00cdTICA DE PRIVACIDADE DO SITIO WEB<\/strong><\/h2>\n\n\n\n<h4 class=\"wp-block-heading\"><strong>https:\/\/martineznogueira.com\/<\/strong><\/h4>\n\n\n\n<h3 class=\"wp-block-heading\"><strong>I. POL\u00cdTICA DE PRIVACIDADE E PROTECCI\u00d3N DE DATOS<\/strong><\/h3>\n\n\n\n<p>En cumprimento da lexislaci\u00f3n vixente, Inmobiliaria Martinez Nogueira (en diante tam\u00e9n referida como o Sitio Web) comprom\u00e9tese a adoptar as medidas t\u00e9cnicas e organizativas necesarias, segundo o nivel de seguridade axeitado ao risco dos datos recollidos.<\/p>\n\n\n\n<h4 class=\"wp-block-heading\"><strong>Leis incorporadas nesta pol\u00edtica de privacidade<\/strong><\/h4>\n\n\n\n<p>Esta pol\u00edtica de privacidade cumpre coa normativa espa\u00f1ola e europea vixente en materia de protecci\u00f3n de datos persoais en Internet. Concretamente, cumpre coas seguintes regulaci\u00f3ns:<\/p>\n\n\n\n<ul class=\"wp-block-list\">\n<li>Regulamento (UE) 2016\/679 do Parlamento Europeo e do Consello, de 27 de abril de 2016, relativo \u00e1 protecci\u00f3n das persoas f\u00edsicas no que respecta ao tratamento dos datos persoais e \u00e1 libre circulaci\u00f3n destes datos (RGPD).<\/li>\n\n\n\n<li>Lei Org\u00e1nica 3\/2018, do 5 de decembro, de Protecci\u00f3n de Datos Persoais e Garant\u00eda dos Dereitos Dixitais (LOPD-GDD).<\/li>\n\n\n\n<li>Real Decreto 1720\/2007, do 21 de decembro, polo que se aproba o Regulamento de desenvolvemento da Lei Org\u00e1nica 15\/1999, do 13 de decembro, de Protecci\u00f3n de Datos de Car\u00e1cter Persoal (RDLOPD).<\/li>\n\n\n\n<li>Lei 34\/2002, do 11 de xullo, de servizos da sociedade da informaci\u00f3n e de comercio electr\u00f3nico (LSSI-CE).<\/li>\n<\/ul>\n\n\n\n<h4 class=\"wp-block-heading\"><strong>Identidade do responsable do tratamento<\/strong><\/h4>\n\n\n\n<p>A persoa responsable do tratamento dos datos persoais recollidos por Inmobiliaria Martinez Nogueira \u00e9: Digna Martinez Nogueira, con NIF: 44451885S (en diante, Responsable do tratamento). Os seus datos de contacto son os seguintes:<\/p>\n\n\n\n<p>Enderezo: Rua do Paseo 31 1, Ourense 32003, Espa\u00f1a<\/p>\n\n\n\n<p>N\u00famero de tel\u00e9fono de contacto: +34 668827131<\/p>\n\n\n\n<p>Correo electr\u00f3nico de contacto: inmobiliaria@martineznogueira.com<\/p>\n\n\n\n<h4 class=\"wp-block-heading\"><strong>Rexistro de datos persoais<\/strong><\/h4>\n\n\n\n<p>En cumprimento das disposici\u00f3ns do RGPD e da LOPD-GDD, inform\u00e1moslle de que os datos persoais recollidos por Inmobiliaria Martinez Nogueira a trav\u00e9s dos formularios nas s\u00faas p\u00e1xinas web ser\u00e1n incorporados e tratados no noso ficheiro co fin de facilitar, tramitar e cumprir os compromisos establecidos entre Inmobiliaria Martinez Nogueira e o Usuario ou de manter a relaci\u00f3n establecida nos formularios que o Usuario encha, ou de responder a unha solicitude ou consulta do Usuario. Do mesmo xeito, de conformidade coas disposici\u00f3ns do RGPD e da LOPD-GDD, ag\u00e1s que se aplique a excepci\u00f3n prevista no artigo 30.5 do RGPD, mantense un rexistro de actividades de tratamento que especifica, segundo os seus fins, as actividades de tratamento realizadas e as demais circunstancias establecidas no RGPD.<\/p>\n\n\n\n<h4 class=\"wp-block-heading\"><strong>Princ\u00edpios aplicables ao tratamento de datos persoais<\/strong><\/h4>\n\n\n\n<p>O tratamento dos datos persoais do Usuario estar\u00e1 suxeito aos seguintes principios establecidos no artigo 5 do RGPD e no artigo 4 e seguintes da Lei Org\u00e1nica 3\/2018, de 5 de decembro, de Protecci\u00f3n de Datos Persoais e garant\u00eda dos dereitos dixitais:<\/p>\n\n\n\n<ul class=\"wp-block-list\">\n<li>Princ\u00edpio de licitude, equidade e transparencia: solicitarase o consentimento do Usuario en todo momento, proporcion\u00e1ndolle informaci\u00f3n plenamente transparente sobre as finalidades para as que se recollen os datos persoais.<\/li>\n\n\n\n<li>Princ\u00edpio de limitaci\u00f3n da finalidade: os datos persoais recolleranse para finalidades determinadas, expl\u00edcitas e lex\u00edtimas.<\/li>\n\n\n\n<li>Princ\u00edpio de minimizaci\u00f3n de datos: os datos persoais recollidos ser\u00e1n s\u00f3 aqueles que resulten estritamente necesarios en relaci\u00f3n cos fins para os que se tratan.<\/li>\n\n\n\n<li>Princ\u00edpio de exactitude: os datos persoais deben ser exactos e manterse actualizados.<\/li>\n\n\n\n<li>Princ\u00edpio de limitaci\u00f3n do almacenamento: os datos persoais s\u00f3 se conservar\u00e1n en forma que permita a identificaci\u00f3n do Usuario durante o tempo necesario para os fins do seu tratamento.<\/li>\n\n\n\n<li>Princ\u00edpio de integridade e confidencialidade: os datos persoais deber\u00e1n tratarse de xeito que se garanta a s\u00faa seguridade e confidencialidade.<\/li>\n\n\n\n<li>Princ\u00edpio de responsabilidade proactiva: o responsable do tratamento de datos ser\u00e1 responsable de garantir o cumprimento dos principios anteriores.<\/li>\n<\/ul>\n\n\n\n<h4 class=\"wp-block-heading\"><strong>Categor\u00edas de datos persoais<\/strong><\/h4>\n\n\n\n<p>As categor\u00edas de datos procesadas por Inmobiliaria Martinez Nogueira son exclusivamente datos de identificaci\u00f3n. En ningunha circunstancia se tratan categor\u00edas especiais de datos persoais ao abeiro do artigo 9 do RGPD.<\/p>\n\n\n\n<p>As categor\u00edas de datos procesadas por Inmobiliaria Martinez Nogueira incl\u00faen tanto datos de identificaci\u00f3n como categor\u00edas especiais de datos persoais no sentido do artigo 9 do RGPD.<\/p>\n\n\n\n<p>As categor\u00edas especiais de datos persoais ent\u00e9ndense como aqueles que revelan a orixe \u00e9tnica ou racial, as opini\u00f3ns pol\u00edticas, as crenzas relixiosas ou filos\u00f3ficas, ou a pertenza a un sindicato, as\u00ed como o tratamento de datos xen\u00e9ticos, datos biom\u00e9tricos destinados a identificar de forma \u00fanica unha persoa f\u00edsica, datos relativos \u00e1 sa\u00fade ou datos relativos \u00e1 vida sexual ou \u00e1 orientaci\u00f3n sexual dunha persoa f\u00edsica.<\/p>\n\n\n\n<p>Para o tratamento de categor\u00edas especiais de datos persoais, requirirase o consentimento expl\u00edcito do Usuario en todos os casos para un ou m\u00e1is fins espec\u00edficos.<\/p>\n\n\n\n<h4 class=\"wp-block-heading\"><strong>Base xur\u00eddica para o tratamento de datos persoais<\/strong><\/h4>\n\n\n\n<p>A base xur\u00eddica para o tratamento de datos persoais \u00e9 o consentimento. Inmobiliaria Martinez Nogueira comprom\u00e9tese a obter o consentimento expreso e verificable do Usuario para o tratamento dos seus datos persoais para un ou varios fins espec\u00edficos.<\/p>\n\n\n\n<p>O Usuario ter\u00e1 o dereito de retirar o seu consentimento en calquera momento. Retirar o consentimento ser\u00e1 tan doado como dalo. Como regra xeral, retirar o consentimento non condicionar\u00e1 o uso do sitio web.<\/p>\n\n\n\n<p>Nas ocasi\u00f3ns nas que o Usuario deba ou poida facilitar os seus datos a trav\u00e9s de formularios para facer consultas, solicitar informaci\u00f3n ou por motivos relacionados co contido do sitio web, informar\u00e1selle se o cubrimento de calquera destes formularios \u00e9 obrigatorio porque \u00e9 esencial para o correcto desenvolvemento da operaci\u00f3n realizada.<\/p>\n\n\n\n<h4 class=\"wp-block-heading\"><strong>Fins do tratamento para os que est\u00e1n destinados os datos persoais<\/strong><\/h4>\n\n\n\n<p>Os datos persoais rec\u00f3llense e xestionanse por Inmobiliaria Martinez Nogueira co fin de facilitar, axilizar e cumprir os compromisos establecidos entre o sitio web e o usuario, manter a relaci\u00f3n establecida nos formularios cubertos por este ou atender unha solicitude ou consulta.<\/p>\n\n\n\n<p>Do mesmo xeito, os datos poder\u00e1n ser utilizados con fins comerciais de personalizaci\u00f3n, operativos e estat\u00edsticos, e en actividades relacionadas co obxectivo corporativo de Inmobiliaria Martinez Nogueira, as\u00ed como para a extracci\u00f3n, almacenamento e estudos de mercadotecnia co fin de adaptar o contido ofrecido ao usuario e mellorar a calidade, o funcionamento e a navegaci\u00f3n do sitio web.<\/p>\n\n\n\n<p>No momento en que se obte\u00f1an os datos persoais, informarase ao Usuario do prop\u00f3sito ou prop\u00f3sitos espec\u00edficos para os que se tratar\u00e1n os datos persoais; \u00e9 dicir, do uso ou usos que se far\u00e1n da informaci\u00f3n recollida.<\/p>\n\n\n\n<h4 class=\"wp-block-heading\"><strong>Per\u00edodos de conservaci\u00f3n de datos persoais<\/strong><\/h4>\n\n\n\n<p>Os datos persoais s\u00f3 se conservar\u00e1n polo tempo m\u00ednimo necesario para os fins do seu tratamento e, en todo caso, s\u00f3 durante o seguinte per\u00edodo: , ou ata que o Usuario solicite a s\u00faa supresi\u00f3n.<\/p>\n\n\n\n<p>No momento en que se obte\u00f1an os datos persoais, informarase ao Usuario do per\u00edodo durante o cal se conservar\u00e1n os datos persoais ou, cando isto non sexa posible, dos criterios empregados para determinar ese per\u00edodo.<\/p>\n\n\n\n<h4 class=\"wp-block-heading\"><strong>Destinatarios de datos persoais<\/strong><\/h4>\n\n\n\n<p>Os datos persoais do usuario non se compartir\u00e1n con terceiros.<\/p>\n\n\n\n<p>En calquera caso, no momento en que se obte\u00f1an os datos persoais, informarase ao Usuario sobre os destinatarios ou categor\u00edas de destinatarios dos datos persoais.<\/p>\n\n\n\n<p>Os datos persoais do Usuario ser\u00e1n compartidos cos seguintes destinatarios ou categor\u00edas de destinatarios:<\/p>\n\n\n\n<p>Google Analytics<\/p>\n\n\n\n<p>Se o Responsable do Tratamento ten previsto transferir datos persoais a un terceiro pa\u00eds ou a unha organizaci\u00f3n internacional, no momento da obtenci\u00f3n dos datos persoais informarase ao Usuario do terceiro pa\u00eds ou da organizaci\u00f3n internacional aos que se prev\u00e9n transferir os datos, as\u00ed como da existencia ou ausencia dunha decisi\u00f3n de adecuaci\u00f3n da Comisi\u00f3n.<\/p>\n\n\n\n<h4 class=\"wp-block-heading\"><strong>Datos persoais de menores<\/strong><\/h4>\n\n\n\n<p>De acordo coas disposici\u00f3ns do artigo 8 do RGPD e do artigo 7 da Lei Org\u00e1nica 3\/2018, do 5 de decembro, de Protecci\u00f3n de Datos Persoais e Garant\u00eda dos Dereitos Dixitais, s\u00f3 as persoas maiores de 14 anos poden dar o seu consentimento para o tratamento l\u00edcito dos seus datos persoais por parte de Inmobiliaria Martinez Nogueira. No caso de menores de 14 anos, ser\u00e1 necesario o consentimento dos seus pais ou titores para o tratamento, e este s\u00f3 se considerar\u00e1 l\u00edcito na medida en que estes o autorizasen.<\/p>\n\n\n\n<h4 class=\"wp-block-heading\"><strong>Confidencialidade e seguridade dos datos persoais<\/strong><\/h4>\n\n\n\n<p>Inmobiliaria Martinez Nogueira comprom\u00e9tese a adoptar as medidas t\u00e9cnicas e organizativas necesarias, de acordo co nivel de seguridade axeitado ao risco dos datos recollidos, co fin de garantir a seguridade dos datos persoais e previr a destruci\u00f3n, perda ou alteraci\u00f3n accidental ou il\u00edcita dos datos persoais transmitidos, almacenados ou procesados de outro xeito, ou a comunicaci\u00f3n ou acceso non autorizado a tales datos.<\/p>\n\n\n\n<p>O sitio web disp\u00f3n dun certificado SSL (Secure Socket Layer), que garante que os datos persoais se transmitan de forma segura e confidencial, xa que a transmisi\u00f3n de datos entre o servidor e o Usuario, e viceversa, est\u00e1 totalmente cifrada.<\/p>\n\n\n\n<p>Con todo, como Inmobiliaria Martinez Nogueira non pode garantir a impenetrabilidade de Internet nin a ausencia total de hackers ou doutras persoas que accedan fraudulentamente a datos persoais, o Responsable do Tratamento comprom\u00e9tese a notificar ao Usuario sen dilaci\u00f3n indebida cando se produza unha vulneraci\u00f3n da seguridade dos datos persoais que supo\u00f1a un alto risco para os dereitos e liberdades das persoas f\u00edsicas. De acordo co artigo 4 do RGPD, ent\u00e9ndese por vulneraci\u00f3n de seguridade de datos persoais calquera vulneraci\u00f3n de seguridade que leve \u00e1 destruci\u00f3n, perda, alteraci\u00f3n, divulgaci\u00f3n non autorizada ou acceso accidental ou il\u00edcito a datos persoais transmitidos, almacenados ou procesados de outro xeito.<\/p>\n\n\n\n<p>Os datos persoais ser\u00e1n tratados como confidenciais polo Responsable do Tratamento, que se compromete a informar e garantir, mediante unha obriga legal ou contractual, que tal confidencialidade sexa respectada polos seus empregados, asociados e por calquera persoa \u00e1 que faga accesibles os datos.<\/p>\n\n\n\n<h4 class=\"wp-block-heading\"><strong>Dereitos derivados do tratamento de datos persoais<\/strong><\/h4>\n\n\n\n<p>O Usuario ten os seguintes dereitos sobre Inmobiliaria Martinez Nogueira e, polo tanto, pode exercer os seguintes dereitos reco\u00f1ecidos no RGPD e na Lei Org\u00e1nica 3\/2018, de 5 de decembro, de Protecci\u00f3n de Datos Persoais e Garant\u00eda dos Dereitos Dixitais, fronte ao Responsable do Tratamento:<\/p>\n\n\n\n<ul class=\"wp-block-list\">\n<li><em>Dereito de acceso:<\/em> Os usuarios te\u00f1en dereito a obter confirmaci\u00f3n de se Inmobiliaria Martinez Nogueira est\u00e1 a tratar os seus datos persoais e, de ser as\u00ed, a obter informaci\u00f3n sobre os seus datos persoais concretos e o tratamento que Inmobiliaria Martinez Nogueira realizou ou est\u00e1 a realizar, as\u00ed como, entre outras cousas, a informaci\u00f3n dispo\u00f1ible sobre a orixe de tales datos e os destinatarios das comunicaci\u00f3ns realizadas ou previstas.<\/li>\n\n\n\n<li><em>Dereito de rectificaci\u00f3n:<\/em> O Usuario ten o dereito a que se modifiquen os seus datos persoais se son inexactos ou, tendo en conta os fins do tratamento, incompletos.<\/li>\n\n\n\n<li><em>Dereito \u00e1 supresi\u00f3n (\u201co dereito a ser esquecido\u201d):<\/em> \u00c9 dereito do Usuario, sempre que a normativa vixente non estableza o contrario, obter a supresi\u00f3n dos seus datos persoais cando xa non sexan necesarios para as finalidades para as que foron recollidos ou tratados; o Usuario retirou o seu consentimento para o tratamento e non existe ningunha outra base xur\u00eddica para o mesmo; o Usuario op\u00f3nsese ao tratamento e non existe ningunha outra raz\u00f3n lex\u00edtima para continuar con el; os datos persoais foron tratados de xeito il\u00edcito; os datos persoais deben ser eliminados en cumprimento dunha obriga legal; ou os datos persoais obtiv\u00e9ronse como resultado dunha oferta directa de servizos da sociedade da informaci\u00f3n a un menor de 14 anos. Ademais de eliminar os datos, o Responsable do Tratamento, tendo en conta a tecnolox\u00eda dispo\u00f1ible e o custo da s\u00faa aplicaci\u00f3n, deber\u00e1 adoptar medidas razoables para informar aos responsables do tratamento dos datos persoais da solicitude do interesado de eliminar calquera ligaz\u00f3n a eses datos persoais.<\/li>\n\n\n\n<li><em>Dereito \u00e1 limitaci\u00f3n do tratamento:<\/em> \u00c9 dereito do Usuario restrinxir o tratamento dos seus datos persoais. O Usuario ten dereito a obter a restrici\u00f3n do tratamento cando conteste a exactitude dos seus datos persoais; o tratamento sexa il\u00edcito; o Responsable xa non precise os datos persoais, pero o Usuario os precise para formular reclamaci\u00f3ns; e cando o Usuario se opo\u00f1a ao tratamento.<\/li>\n\n\n\n<li><em>Dereito \u00e1 portabilidade dos datos:<\/em> Cando o tratamento se realice por medios automatizados, o Usuario ter\u00e1 dereito a recibir os seus datos persoais do Responsable do Tratamento nun formato estruturado, de uso com\u00fan e lexible por m\u00e1quina, e a transmitilos a outro Responsable do Tratamento. Cando sexa tecnicamente factible, o Responsable do Tratamento transmitir\u00e1 os datos directamente a ese outro Responsable do Tratamento.<\/li>\n\n\n\n<li><em>Dereito a objetar:<\/em> \u00c9 dereito do Usuario solicitar que os seus datos persoais non sexan procesados ou que Inmobiliaria Martinez Nogueira cese de procesalos.<\/li>\n\n\n\n<li><em>Dereito a non ser sometido a unha decisi\u00f3n baseada exclusivamente no tratamento automatizado, inclu\u00eddo o perfilado:<\/em> \u00c9 dereito do Usuario non ser sometido a unha decisi\u00f3n individualizada baseada exclusivamente no tratamento automatizado dos seus datos persoais, inclu\u00eddo o perfilado, salvo que a lexislaci\u00f3n vixente dispo\u00f1a outra cousa.<\/li>\n<\/ul>\n\n\n\n<p>Por iso, o Usuario pode exercer os seus dereitos escribindo ao Responsable do Tratamento coa referencia \u201cGDPR - https:\/\/martineznogueira.com\/\u201d, especificando:<\/p>\n\n\n\n<ul class=\"wp-block-list\">\n<li>Nome e apelidos do Usuario e copia do seu Documento Nacional de Identidade. Nos casos en que se permita a representaci\u00f3n, tam\u00e9n ser\u00e1 necesaria a identificaci\u00f3n por medios iguais da persoa que representa o Usuario, as\u00ed como o documento que acredite a representaci\u00f3n. A fotocopia do Documento Nacional de Identidade poder\u00e1 ser substitu\u00edda por calquera outro medio legalmente v\u00e1lido para demostrar a identidade.<\/li>\n\n\n\n<li>Solicitar cos motivos espec\u00edficos da petici\u00f3n ou a informaci\u00f3n \u00e1 que se quere acceder.<\/li>\n\n\n\n<li>Enderezo para efectos de notificaci\u00f3n.<\/li>\n\n\n\n<li>Data e sinatura do solicitante.<\/li>\n\n\n\n<li>Calquera documento que apoie a solicitude que est\u00e1 a presentar.<\/li>\n<\/ul>\n\n\n\n<p>Esta solicitude e calquera outro documento que a acompa\u00f1e poden enviarse ao seguinte enderezo e\/ou correo electr\u00f3nico:<\/p>\n\n\n\n<p>Enderezo postal: Rua do Paseo 31 1, Ourense 32003, Espa\u00f1a<\/p>\n\n\n\n<p>Correo electr\u00f3nico: inmobiliaria@martineznogueira.com<\/p>\n\n\n\n<h4 class=\"wp-block-heading\"><strong>V\u00ednculos a sitios web de terceiros<\/strong><\/h4>\n\n\n\n<p>O sitio web pode inclu\u00edr hiperv\u00ednculos ou ligaz\u00f3ns que permitan acceder a sitios web de terceiros distintos de Inmobiliaria Martinez Nogueira, e que, polo tanto, non son operados por Inmobiliaria Martinez Nogueira. Os propietarios destes sitios web ter\u00e1n as s\u00faas propias pol\u00edticas de protecci\u00f3n de datos e ser\u00e1n eles, en cada caso, responsables dos seus propios ficheiros e das s\u00faas propias pr\u00e1cticas de privacidade.<\/p>\n\n\n\n<h4 class=\"wp-block-heading\"><strong>Queixas ante a autoridade supervisora<\/strong><\/h4>\n\n\n\n<p>Se o Usuario considera que existe un problema ou unha vulneraci\u00f3n da normativa vixente na forma en que se est\u00e1n a tratar os seus datos persoais, ter\u00e1 dereito \u00e1 protecci\u00f3n xudicial efectiva e a presentar unha reclamaci\u00f3n ante unha autoridade de supervisi\u00f3n, en particular no Estado no que te\u00f1a a s\u00faa residencia habitual, o seu lugar de traballo ou o lugar da suposta infracci\u00f3n. No caso de Espa\u00f1a, a autoridade de control \u00e9 a Axencia Espa\u00f1ola de Protecci\u00f3n de Datos (https:\/\/www.aepd.es\/).<\/p>\n\n\n\n<h3 class=\"wp-block-heading\"><strong>II. ACEPTACI\u00d3N E MODIFICACI\u00d3NS DESTAS POL\u00cdTICAS DE PRIVACIDADE<\/strong><\/h3>\n\n\n\n<p>Os usuarios deben ter lido e aceptado as condici\u00f3ns relativas \u00e1 protecci\u00f3n de datos persoais contidas nesta Pol\u00edtica de privacidade, e deben aceptar o tratamento dos seus datos persoais para que o Responsable do tratamento poida proceder a dito tratamento da maneira, durante os per\u00edodos e para as finalidades indicadas. O uso do sitio web implica a aceptaci\u00f3n da s\u00faa Pol\u00edtica de privacidade.<\/p>\n\n\n\n<p>Inmobiliaria Martinez Nogueira res\u00e9rvase o dereito de modificar a s\u00faa Pol\u00edtica de privacidade ao seu criterio, ou debido a un cambio lexislativo, xurisprudencial ou doutrinal da Axencia Espa\u00f1ola de Protecci\u00f3n de Datos. Os cambios ou actualizaci\u00f3ns desta Pol\u00edtica de privacidade non se notificar\u00e1n expl\u00edcitamente ao Usuario. Acons\u00e9llase aos Usuarios que revisen esta p\u00e1xina peri\u00f3dicamente para manterse ao tanto das \u00faltimas modificaci\u00f3ns ou actualizaci\u00f3ns.<\/p>\n\n\n\n<p>Esta Pol\u00edtica de privacidade foi actualizada para cumprir co Regulamento (UE) 2016\/679 do Parlamento Europeo e do Consello, de 27 de abril de 2016  sobre a protecci\u00f3n das persoas f\u00edsicas no que respecta ao tratamento dos datos persoais e \u00e1 libre circulaci\u00f3n destes datos (RGPD) e \u00e1 Lei Org\u00e1nica 3\/2018, de 5 de decembro, de Protecci\u00f3n de Datos Persoais e Garant\u00eda dos Dereitos Dixitais.<\/p>\n\n\n\n<p>Este documento de Pol\u00edtica de privacidade do sitio web foi creado empregando o xerador en<a href=\"https:\/\/textos-legales.edgartamarit.com\/\" rel=\"nofollow noopener\" target=\"_blank\"> modelo gratu\u00edto de pol\u00edtica de privacidade para sitio web<\/a> en li\u00f1a o 29\/12\/2025.<\/p>","protected":false},"excerpt":{"rendered":"<p>POL\u00cdTICA DE PRIVACIDAD DEL SITIO WEB https:\/\/martineznogueira.com\/ I. POL\u00cdTICA DE PRIVACIDAD Y PROTECCI\u00d3N DE DATOS Respetando lo establecido en la legislaci\u00f3n vigente, Inmobiliaria Martinez Nogueira (en adelante, tambi\u00e9n Sitio Web) se compromete a adoptar las medidas t\u00e9cnicas y organizativas necesarias, seg\u00fan el nivel de seguridad adecuado al riesgo de los datos recogidos. Leyes que incorpora [&hellip;]<\/p>\n","protected":false},"author":2,"featured_media":0,"parent":0,"menu_order":0,"comment_status":"closed","ping_status":"closed","template":"","meta":{"footnotes":""},"class_list":["post-421","page","type-page","status-publish","hentry"],"_links":{"self":[{"href":"https:\/\/martineznogueira.com\/gl\/wp-json\/wp\/v2\/pages\/421","targetHints":{"allow":["GET"]}}],"collection":[{"href":"https:\/\/martineznogueira.com\/gl\/wp-json\/wp\/v2\/pages"}],"about":[{"href":"https:\/\/martineznogueira.com\/gl\/wp-json\/wp\/v2\/types\/page"}],"author":[{"embeddable":true,"href":"https:\/\/martineznogueira.com\/gl\/wp-json\/wp\/v2\/users\/2"}],"replies":[{"embeddable":true,"href":"https:\/\/martineznogueira.com\/gl\/wp-json\/wp\/v2\/comments?post=421"}],"version-history":[{"count":1,"href":"https:\/\/martineznogueira.com\/gl\/wp-json\/wp\/v2\/pages\/421\/revisions"}],"predecessor-version":[{"id":473,"href":"https:\/\/martineznogueira.com\/gl\/wp-json\/wp\/v2\/pages\/421\/revisions\/473"}],"wp:attachment":[{"href":"https:\/\/martineznogueira.com\/gl\/wp-json\/wp\/v2\/media?parent=421"}],"curies":[{"name":"wp","href":"https:\/\/api.w.org\/{rel}","templated":true}]}}