{"id":461,"date":"2025-08-14T11:10:48","date_gmt":"2025-08-14T10:10:48","guid":{"rendered":"https:\/\/martineznogueira.com\/?page_id=461"},"modified":"2026-01-16T11:43:22","modified_gmt":"2026-01-16T11:43:22","slug":"accessibility-statement","status":"publish","type":"page","link":"https:\/\/martineznogueira.com\/en\/accessibility-statement\/","title":{"rendered":"Accessibility statement"},"content":{"rendered":"<p><strong>Accessibility Statement<\/strong><\/p>\n\n\n\n<p><a href=\"https:\/\/martineznogueira.com\/en\/\">martineznogueira.com<\/a><strong> <\/strong>\u00a0undertakes to ensure the accessibility of its website in accordance with Royal Decree 1112\/2018 of 7 September on the accessibility of public sector websites and applications for mobile devices, also applicable to certain privately owned websites depending on the scope of application.<\/p>\n\n\n\n<p><strong>Compliance status<\/strong><\/p>\n\n\n\n<p>This website is fully compliant with Royal Decree 1112\/2018, as it meets all the accessibility requirements of the Web Content Accessibility Guidelines (WCAG) 2.1 at level AA.<\/p>\n\n\n\n<p><strong>Preparation of this accessibility statement<\/strong><\/p>\n\n\n\n<p>This declaration was prepared on 16 January 2026.<\/p>\n\n\n\n<p>The methodology used was an internal self-assessment, complemented with the use of automatic tools such as:<\/p>\n\n\n\n<ul class=\"wp-block-list\">\n<li>WAVE (WebAIM)<\/li>\n\n\n\n<li>Lighthouse (Chrome DevTools)<\/li>\n\n\n\n<li>WebAIM Contrast Checker<\/li>\n<\/ul>\n\n\n\n<p><strong>Skip link to content<\/strong><\/p>\n\n\n\n<p>This site incorporates a \u201cSkip to content\u201d link accessible via the keyboard (Tab key), which allows the user to go directly to the main content of each page.<\/p>\n\n\n\n<p><strong>Review<\/strong><\/p>\n\n\n\n<p>This statement will be reviewed periodically to ensure that it is up to date and appropriate for future updates to the website.<\/p>\n\n\n\n<p><strong>Remarks and contact details<\/strong><\/p>\n\n\n\n<p>If you encounter any accessibility difficulties or wish to report any non-compliance with accessibility requirements, please contact us:<\/p>\n\n\n\n<ul class=\"wp-block-list\">\n<li><strong>E-mail:<\/strong> inmobiliaria@martineznogueira.com<\/li>\n\n\n\n<li><strong>Contact form:\u00a0<\/strong>https:\/\/martineznogueira.com\/contacto<\/li>\n<\/ul>\n\n\n\n<p>You can submit:<\/p>\n\n\n\n<ul class=\"wp-block-list\">\n<li>A complaint regarding compliance with the requirements of RD 1112\/2018.<\/li>\n\n\n\n<li>A request for accessible information relating to content that is excluded from the scope of application or exempted from compliance because it imposes a disproportionate burden.<\/li>\n<\/ul>\n\n\n\n<p><strong>Application procedure<\/strong><\/p>\n\n\n\n<p>If the response to your request is unsatisfactory, you may initiate a complaint by contacting the competent body for accessibility, in accordance with the procedure established in article 13 of Royal Decree 1112\/2018.<\/p>","protected":false},"excerpt":{"rendered":"<p>Declaraci\u00f3n de Accesibilidad martineznogueira.com \u00a0se compromete a garantizar la accesibilidad de su sitio web conforme al Real Decreto 1112\/2018, de 7 de septiembre, sobre la accesibilidad de los sitios web y aplicaciones para dispositivos m\u00f3viles del sector p\u00fablico, aplicable tambi\u00e9n a determinados sitios web de titularidad privada seg\u00fan el \u00e1mbito de aplicaci\u00f3n. Situaci\u00f3n de cumplimiento [&hellip;]<\/p>\n","protected":false},"author":2,"featured_media":0,"parent":0,"menu_order":0,"comment_status":"closed","ping_status":"closed","template":"","meta":{"footnotes":""},"class_list":["post-461","page","type-page","status-publish","hentry"],"_links":{"self":[{"href":"https:\/\/martineznogueira.com\/en\/wp-json\/wp\/v2\/pages\/461","targetHints":{"allow":["GET"]}}],"collection":[{"href":"https:\/\/martineznogueira.com\/en\/wp-json\/wp\/v2\/pages"}],"about":[{"href":"https:\/\/martineznogueira.com\/en\/wp-json\/wp\/v2\/types\/page"}],"author":[{"embeddable":true,"href":"https:\/\/martineznogueira.com\/en\/wp-json\/wp\/v2\/users\/2"}],"replies":[{"embeddable":true,"href":"https:\/\/martineznogueira.com\/en\/wp-json\/wp\/v2\/comments?post=461"}],"version-history":[{"count":2,"href":"https:\/\/martineznogueira.com\/en\/wp-json\/wp\/v2\/pages\/461\/revisions"}],"predecessor-version":[{"id":472,"href":"https:\/\/martineznogueira.com\/en\/wp-json\/wp\/v2\/pages\/461\/revisions\/472"}],"wp:attachment":[{"href":"https:\/\/martineznogueira.com\/en\/wp-json\/wp\/v2\/media?parent=461"}],"curies":[{"name":"wp","href":"https:\/\/api.w.org\/{rel}","templated":true}]}}